{"id":3089,"date":"2024-06-18T09:00:00","date_gmt":"2024-06-18T07:00:00","guid":{"rendered":"https:\/\/mkratten.se\/wordpress\/?page_id=3089"},"modified":"2024-06-23T21:38:51","modified_gmt":"2024-06-23T19:38:51","slug":"trampbilsrallyt","status":"publish","type":"page","link":"https:\/\/mkratten.se\/wordpress\/?page_id=3089","title":{"rendered":"Trampbilsrallyt"},"content":{"rendered":"\n<p><strong>Trampbilsrallyt 2024!<\/strong><\/p>\n\n\n\n<p>Runt rally bilar p\u00e5 gamla torget i gassande sol avgjordes barnens egna rally under midsommarafton. Med ett sp\u00e4nnande final heat stod slutligen&nbsp;<strong>Holger Lundell fr\u00e5n Oleby<\/strong>, som segrare.<\/p>\n\n\n\n<p>Grattis till&nbsp;<strong>Holger!<\/strong><\/p>\n\n\n\n<figure class=\"wp-block-image\"><a href=\"https:\/\/mkratten.se\/wordpress\/wp-content\/uploads\/2024\/06\/DSC_0294-rotated.jpeg\"><img decoding=\"async\" loading=\"lazy\" width=\"213\" height=\"320\" src=\"https:\/\/mkratten.se\/wordpress\/wp-content\/uploads\/2024\/06\/DSC_0294-rotated.jpeg\" alt=\"\" class=\"wp-image-3115\" srcset=\"https:\/\/mkratten.se\/wordpress\/wp-content\/uploads\/2024\/06\/DSC_0294-rotated.jpeg 213w, https:\/\/mkratten.se\/wordpress\/wp-content\/uploads\/2024\/06\/DSC_0294-200x300.jpeg 200w\" sizes=\"(max-width: 213px) 100vw, 213px\" \/><\/a><figcaption class=\"wp-element-caption\">Prispallen av trampbilsrallyt 2024! 1. Holger Lundell 2. Helmer Nordahl 3. Rasmus \u00c5sberg<\/figcaption><\/figure>\n\n\n\n<figure class=\"wp-block-image\"><a href=\"https:\/\/mkratten.se\/wordpress\/wp-content\/uploads\/2024\/06\/DSC_0335.jpeg\"><img decoding=\"async\" loading=\"lazy\" width=\"320\" height=\"213\" src=\"https:\/\/mkratten.se\/wordpress\/wp-content\/uploads\/2024\/06\/DSC_0335.jpeg\" alt=\"\" class=\"wp-image-3116\" srcset=\"https:\/\/mkratten.se\/wordpress\/wp-content\/uploads\/2024\/06\/DSC_0335.jpeg 320w, https:\/\/mkratten.se\/wordpress\/wp-content\/uploads\/2024\/06\/DSC_0335-300x200.jpeg 300w\" sizes=\"(max-width: 320px) 100vw, 320px\" \/><\/a><figcaption class=\"wp-element-caption\">Hela final g\u00e4nget!<\/figcaption><\/figure>\n\n\n\n<figure class=\"wp-block-image\"><a href=\"https:\/\/mkratten.se\/wordpress\/wp-content\/uploads\/2024\/06\/DSC_0286-rotated.jpeg\"><img decoding=\"async\" loading=\"lazy\" width=\"213\" height=\"320\" src=\"https:\/\/mkratten.se\/wordpress\/wp-content\/uploads\/2024\/06\/DSC_0286-rotated.jpeg\" alt=\"\" class=\"wp-image-3118\" srcset=\"https:\/\/mkratten.se\/wordpress\/wp-content\/uploads\/2024\/06\/DSC_0286-rotated.jpeg 213w, https:\/\/mkratten.se\/wordpress\/wp-content\/uploads\/2024\/06\/DSC_0286-200x300.jpeg 200w\" sizes=\"(max-width: 213px) 100vw, 213px\" \/><\/a><figcaption class=\"wp-element-caption\">Seger intervju<\/figcaption><\/figure>\n\n\n\n<figure class=\"wp-block-image\"><a href=\"https:\/\/mkratten.se\/wordpress\/wp-content\/uploads\/2024\/06\/DSC_0252.jpeg\"><img decoding=\"async\" loading=\"lazy\" width=\"320\" height=\"213\" src=\"https:\/\/mkratten.se\/wordpress\/wp-content\/uploads\/2024\/06\/DSC_0252.jpeg\" alt=\"\" class=\"wp-image-3120\" srcset=\"https:\/\/mkratten.se\/wordpress\/wp-content\/uploads\/2024\/06\/DSC_0252.jpeg 320w, https:\/\/mkratten.se\/wordpress\/wp-content\/uploads\/2024\/06\/DSC_0252-300x200.jpeg 300w\" sizes=\"(max-width: 320px) 100vw, 320px\" \/><\/a><figcaption class=\"wp-element-caption\">Sp\u00e4nda inf\u00f6r finalen!<\/figcaption><\/figure>\n\n\n\n<figure class=\"wp-block-image\"><a href=\"https:\/\/mkratten.se\/wordpress\/wp-content\/uploads\/2024\/06\/DSC_0260-1.jpeg\"><img decoding=\"async\" loading=\"lazy\" width=\"320\" height=\"213\" src=\"https:\/\/mkratten.se\/wordpress\/wp-content\/uploads\/2024\/06\/DSC_0260-1.jpeg\" alt=\"\" class=\"wp-image-3121\" srcset=\"https:\/\/mkratten.se\/wordpress\/wp-content\/uploads\/2024\/06\/DSC_0260-1.jpeg 320w, https:\/\/mkratten.se\/wordpress\/wp-content\/uploads\/2024\/06\/DSC_0260-1-300x200.jpeg 300w\" sizes=\"(max-width: 320px) 100vw, 320px\" \/><\/a><figcaption class=\"wp-element-caption\">Upploppet i finalen!<\/figcaption><\/figure>\n\n\n\n<p>Bra jobbat alla duktiga 6 \u00e5ringar! Resultatet fr\u00e5n finalheatet:<\/p>\n\n\n\n<ol>\n<li>Holger Lundell fr\u00e5n Oleby<\/li>\n\n\n\n<li>Helmer Nordahl fr\u00e5n Fensbol<\/li>\n\n\n\n<li>Rasmus \u00c5sberg fr\u00e5n \u00c5shagen<\/li>\n\n\n\n<li>Viktor Eriksson fr\u00e5n Utterbyn<\/li>\n\n\n\n<li>Anton Eriksson fr\u00e5n \u00d6nneby<\/li>\n\n\n\n<li>Leah Eskilsson fr\u00e5n Torsby<\/li>\n<\/ol>\n","protected":false},"excerpt":{"rendered":"<p>Trampbilsrallyt 2024! Runt rally bilar p\u00e5 gamla torget i gassande sol avgjordes barnens egna rally under midsommarafton. Med ett sp\u00e4nnande final heat stod slutligen&nbsp;Holger Lundell fr\u00e5n Oleby, som segrare. Grattis till&nbsp;Holger! Bra jobbat alla duktiga 6 \u00e5ringar! Resultatet fr\u00e5n finalheatet:<\/p>\n","protected":false},"author":9,"featured_media":0,"parent":0,"menu_order":0,"comment_status":"closed","ping_status":"closed","template":"","meta":{"_expiration-date-status":"","_expiration-date":0,"_expiration-date-type":"","_expiration-date-categories":[],"_expiration-date-options":[]},"_links":{"self":[{"href":"https:\/\/mkratten.se\/wordpress\/index.php?rest_route=\/wp\/v2\/pages\/3089"}],"collection":[{"href":"https:\/\/mkratten.se\/wordpress\/index.php?rest_route=\/wp\/v2\/pages"}],"about":[{"href":"https:\/\/mkratten.se\/wordpress\/index.php?rest_route=\/wp\/v2\/types\/page"}],"author":[{"embeddable":true,"href":"https:\/\/mkratten.se\/wordpress\/index.php?rest_route=\/wp\/v2\/users\/9"}],"replies":[{"embeddable":true,"href":"https:\/\/mkratten.se\/wordpress\/index.php?rest_route=%2Fwp%2Fv2%2Fcomments&post=3089"}],"version-history":[{"count":9,"href":"https:\/\/mkratten.se\/wordpress\/index.php?rest_route=\/wp\/v2\/pages\/3089\/revisions"}],"predecessor-version":[{"id":3125,"href":"https:\/\/mkratten.se\/wordpress\/index.php?rest_route=\/wp\/v2\/pages\/3089\/revisions\/3125"}],"wp:attachment":[{"href":"https:\/\/mkratten.se\/wordpress\/index.php?rest_route=%2Fwp%2Fv2%2Fmedia&parent=3089"}],"curies":[{"name":"wp","href":"https:\/\/api.w.org\/{rel}","templated":true}]}}