{"id":41,"date":"2012-09-20T23:10:14","date_gmt":"2012-09-20T21:10:14","guid":{"rendered":"http:\/\/mkratten.se\/wordpress\/?page_id=41"},"modified":"2019-09-22T00:23:42","modified_gmt":"2019-09-21T22:23:42","slug":"rally","status":"publish","type":"page","link":"http:\/\/mkratten.se\/wordpress\/?page_id=41","title":{"rendered":"Bilder"},"content":{"rendered":"<p>Maila g\u00e4rna in era bilder till roland.torsby@telia.com, s\u00e5 l\u00e4ggs de upp h\u00e4r p\u00e5 sidan.<\/p>\n<p><a href=\"http:\/\/mkratten.se\/wordpress\/wp-content\/uploads\/2017\/11\/DSC00797.jpg\"><img decoding=\"async\" loading=\"lazy\" class=\"alignnone size-medium wp-image-1858\" src=\"http:\/\/mkratten.se\/wordpress\/wp-content\/uploads\/2017\/11\/DSC00797-300x225.jpg\" alt=\"\" width=\"300\" height=\"225\" srcset=\"http:\/\/mkratten.se\/wordpress\/wp-content\/uploads\/2017\/11\/DSC00797-300x225.jpg 300w, http:\/\/mkratten.se\/wordpress\/wp-content\/uploads\/2017\/11\/DSC00797-768x576.jpg 768w, http:\/\/mkratten.se\/wordpress\/wp-content\/uploads\/2017\/11\/DSC00797-1024x768.jpg 1024w, http:\/\/mkratten.se\/wordpress\/wp-content\/uploads\/2017\/11\/DSC00797-400x300.jpg 400w\" sizes=\"(max-width: 300px) 100vw, 300px\" \/><\/a><a href=\"http:\/\/mkratten.se\/wordpress\/wp-content\/uploads\/2018\/02\/2018-Rally-Sweden-Funktion\u00e4rer-1.jpg\"><img decoding=\"async\" loading=\"lazy\" class=\"alignnone size-medium wp-image-1942\" src=\"http:\/\/mkratten.se\/wordpress\/wp-content\/uploads\/2018\/02\/2018-Rally-Sweden-Funktion\u00e4rer-1-300x169.jpg\" alt=\"\" width=\"300\" height=\"169\" srcset=\"http:\/\/mkratten.se\/wordpress\/wp-content\/uploads\/2018\/02\/2018-Rally-Sweden-Funktion\u00e4rer-1-300x169.jpg 300w, http:\/\/mkratten.se\/wordpress\/wp-content\/uploads\/2018\/02\/2018-Rally-Sweden-Funktion\u00e4rer-1-768x432.jpg 768w, http:\/\/mkratten.se\/wordpress\/wp-content\/uploads\/2018\/02\/2018-Rally-Sweden-Funktion\u00e4rer-1-500x281.jpg 500w, http:\/\/mkratten.se\/wordpress\/wp-content\/uploads\/2018\/02\/2018-Rally-Sweden-Funktion\u00e4rer-1.jpg 960w\" sizes=\"(max-width: 300px) 100vw, 300px\" \/><\/a><a href=\"http:\/\/mkratten.se\/wordpress\/wp-content\/uploads\/2019\/06\/2019-Mopednostalgi-.jpg\"><img decoding=\"async\" loading=\"lazy\" class=\"alignnone size-medium wp-image-2111\" src=\"http:\/\/mkratten.se\/wordpress\/wp-content\/uploads\/2019\/06\/2019-Mopednostalgi--212x300.jpg\" alt=\"\" width=\"212\" height=\"300\" srcset=\"http:\/\/mkratten.se\/wordpress\/wp-content\/uploads\/2019\/06\/2019-Mopednostalgi--212x300.jpg 212w, http:\/\/mkratten.se\/wordpress\/wp-content\/uploads\/2019\/06\/2019-Mopednostalgi--768x1087.jpg 768w, http:\/\/mkratten.se\/wordpress\/wp-content\/uploads\/2019\/06\/2019-Mopednostalgi--724x1024.jpg 724w, http:\/\/mkratten.se\/wordpress\/wp-content\/uploads\/2019\/06\/2019-Mopednostalgi-.jpg 1181w\" sizes=\"(max-width: 212px) 100vw, 212px\" \/><\/a><\/p>\n<p><a href=\"http:\/\/mkratten.se\/wordpress\/wp-content\/uploads\/2016\/06\/Niwa-banan.jpg\"><img decoding=\"async\" loading=\"lazy\" class=\"size-medium wp-image-1390\" src=\"http:\/\/mkratten.se\/wordpress\/wp-content\/uploads\/2016\/06\/Niwa-banan-300x225.jpg\" alt=\"\" width=\"300\" height=\"225\" \/><\/a><\/p>\n<p><a href=\"http:\/\/mkratten.se\/wordpress\/wp-content\/uploads\/2018\/02\/2018-Rally-Sweden-Lattvala.jpg\"><img decoding=\"async\" loading=\"lazy\" class=\"alignnone size-medium wp-image-1931\" src=\"http:\/\/mkratten.se\/wordpress\/wp-content\/uploads\/2018\/02\/2018-Rally-Sweden-Lattvala-300x199.jpg\" alt=\"\" width=\"300\" height=\"199\" srcset=\"http:\/\/mkratten.se\/wordpress\/wp-content\/uploads\/2018\/02\/2018-Rally-Sweden-Lattvala-300x199.jpg 300w, http:\/\/mkratten.se\/wordpress\/wp-content\/uploads\/2018\/02\/2018-Rally-Sweden-Lattvala-768x511.jpg 768w, http:\/\/mkratten.se\/wordpress\/wp-content\/uploads\/2018\/02\/2018-Rally-Sweden-Lattvala-1024x681.jpg 1024w, http:\/\/mkratten.se\/wordpress\/wp-content\/uploads\/2018\/02\/2018-Rally-Sweden-Lattvala-451x300.jpg 451w\" sizes=\"(max-width: 300px) 100vw, 300px\" \/><\/a><\/p>\n<p><a href=\"http:\/\/mkratten.se\/wordpress\/wp-content\/uploads\/2018\/06\/2080604-Stjerneskolan-bygg-grupp.jpg\"><img decoding=\"async\" loading=\"lazy\" class=\"alignnone wp-image-1976\" src=\"http:\/\/mkratten.se\/wordpress\/wp-content\/uploads\/2018\/06\/2080604-Stjerneskolan-bygg-grupp-300x225.jpg\" alt=\"\" width=\"326\" height=\"246\" srcset=\"http:\/\/mkratten.se\/wordpress\/wp-content\/uploads\/2018\/06\/2080604-Stjerneskolan-bygg-grupp-300x225.jpg 300w, http:\/\/mkratten.se\/wordpress\/wp-content\/uploads\/2018\/06\/2080604-Stjerneskolan-bygg-grupp-768x576.jpg 768w, http:\/\/mkratten.se\/wordpress\/wp-content\/uploads\/2018\/06\/2080604-Stjerneskolan-bygg-grupp-400x300.jpg 400w, http:\/\/mkratten.se\/wordpress\/wp-content\/uploads\/2018\/06\/2080604-Stjerneskolan-bygg-grupp.jpg 960w\" sizes=\"(max-width: 326px) 100vw, 326px\" \/><\/a><a href=\"http:\/\/mkratten.se\/wordpress\/wp-content\/uploads\/2017\/11\/DSC00763.jpg\"><img decoding=\"async\" loading=\"lazy\" class=\"alignnone size-medium wp-image-1857\" src=\"http:\/\/mkratten.se\/wordpress\/wp-content\/uploads\/2017\/11\/DSC00763-300x225.jpg\" alt=\"\" width=\"300\" height=\"225\" srcset=\"http:\/\/mkratten.se\/wordpress\/wp-content\/uploads\/2017\/11\/DSC00763-300x225.jpg 300w, http:\/\/mkratten.se\/wordpress\/wp-content\/uploads\/2017\/11\/DSC00763-768x576.jpg 768w, http:\/\/mkratten.se\/wordpress\/wp-content\/uploads\/2017\/11\/DSC00763-1024x768.jpg 1024w, http:\/\/mkratten.se\/wordpress\/wp-content\/uploads\/2017\/11\/DSC00763-400x300.jpg 400w\" sizes=\"(max-width: 300px) 100vw, 300px\" \/><\/a><\/p>\n<p><a href=\"http:\/\/mkratten.se\/wordpress\/wp-content\/uploads\/2016\/01\/12507204_10208581947931460_6827119219382284964_n.jpg\"><img decoding=\"async\" loading=\"lazy\" class=\"alignnone size-medium wp-image-1307\" src=\"http:\/\/mkratten.se\/wordpress\/wp-content\/uploads\/2016\/01\/12507204_10208581947931460_6827119219382284964_n-300x300.jpg\" alt=\"\" width=\"300\" height=\"300\" srcset=\"http:\/\/mkratten.se\/wordpress\/wp-content\/uploads\/2016\/01\/12507204_10208581947931460_6827119219382284964_n-300x300.jpg 300w, http:\/\/mkratten.se\/wordpress\/wp-content\/uploads\/2016\/01\/12507204_10208581947931460_6827119219382284964_n-150x150.jpg 150w, http:\/\/mkratten.se\/wordpress\/wp-content\/uploads\/2016\/01\/12507204_10208581947931460_6827119219382284964_n-768x768.jpg 768w, http:\/\/mkratten.se\/wordpress\/wp-content\/uploads\/2016\/01\/12507204_10208581947931460_6827119219382284964_n.jpg 960w\" sizes=\"(max-width: 300px) 100vw, 300px\" \/><\/a><a href=\"http:\/\/mkratten.se\/wordpress\/wp-content\/uploads\/2018\/01\/Capture_22.png\"><img decoding=\"async\" loading=\"lazy\" class=\"alignnone size-medium wp-image-1888\" src=\"http:\/\/mkratten.se\/wordpress\/wp-content\/uploads\/2018\/01\/Capture_22-214x300.png\" alt=\"\" width=\"214\" height=\"300\" srcset=\"http:\/\/mkratten.se\/wordpress\/wp-content\/uploads\/2018\/01\/Capture_22-214x300.png 214w, http:\/\/mkratten.se\/wordpress\/wp-content\/uploads\/2018\/01\/Capture_22.png 651w\" sizes=\"(max-width: 214px) 100vw, 214px\" \/><\/a><\/p>\n<p><a href=\"http:\/\/mkratten.se\/wordpress\/wp-content\/uploads\/2012\/09\/skann0003.jpg\"><img decoding=\"async\" loading=\"lazy\" class=\"alignnone size-full wp-image-192\" src=\"http:\/\/mkratten.se\/wordpress\/wp-content\/uploads\/2012\/09\/skann0003.jpg\" alt=\"\" width=\"400\" height=\"282\" \/><\/a><a href=\"http:\/\/mkratten.se\/wordpress\/wp-content\/uploads\/2013\/12\/Rally-Sweden-01-WEBB.jpg\"><img decoding=\"async\" loading=\"lazy\" class=\"alignnone size-medium wp-image-740\" src=\"http:\/\/mkratten.se\/wordpress\/wp-content\/uploads\/2013\/12\/Rally-Sweden-01-WEBB-300x199.jpg\" alt=\"\" width=\"300\" height=\"199\" srcset=\"http:\/\/mkratten.se\/wordpress\/wp-content\/uploads\/2013\/12\/Rally-Sweden-01-WEBB-300x199.jpg 300w, http:\/\/mkratten.se\/wordpress\/wp-content\/uploads\/2013\/12\/Rally-Sweden-01-WEBB-451x300.jpg 451w, http:\/\/mkratten.se\/wordpress\/wp-content\/uploads\/2013\/12\/Rally-Sweden-01-WEBB.jpg 642w\" sizes=\"(max-width: 300px) 100vw, 300px\" \/><\/a><a href=\"http:\/\/mkratten.se\/wordpress\/wp-content\/uploads\/2017\/05\/170527-o-28-Felicia-p\u00e5-Asfalt.jpg\"><img decoding=\"async\" loading=\"lazy\" class=\"alignnone size-medium wp-image-1729\" src=\"http:\/\/mkratten.se\/wordpress\/wp-content\/uploads\/2017\/05\/170527-o-28-Felicia-p\u00e5-Asfalt-300x200.jpg\" alt=\"\" width=\"300\" height=\"200\" srcset=\"http:\/\/mkratten.se\/wordpress\/wp-content\/uploads\/2017\/05\/170527-o-28-Felicia-p\u00e5-Asfalt-300x200.jpg 300w, http:\/\/mkratten.se\/wordpress\/wp-content\/uploads\/2017\/05\/170527-o-28-Felicia-p\u00e5-Asfalt-768x512.jpg 768w, http:\/\/mkratten.se\/wordpress\/wp-content\/uploads\/2017\/05\/170527-o-28-Felicia-p\u00e5-Asfalt-450x300.jpg 450w, http:\/\/mkratten.se\/wordpress\/wp-content\/uploads\/2017\/05\/170527-o-28-Felicia-p\u00e5-Asfalt.jpg 960w\" sizes=\"(max-width: 300px) 100vw, 300px\" \/><\/a><a href=\"http:\/\/mkratten.se\/wordpress\/wp-content\/uploads\/2016\/09\/20160907-Bild-Arbetsgrupp-NIWA-Banan.jpg\"><img decoding=\"async\" loading=\"lazy\" class=\"alignnone size-medium wp-image-1514\" src=\"http:\/\/mkratten.se\/wordpress\/wp-content\/uploads\/2016\/09\/20160907-Bild-Arbetsgrupp-NIWA-Banan-300x169.jpg\" alt=\"\" width=\"300\" height=\"169\" srcset=\"http:\/\/mkratten.se\/wordpress\/wp-content\/uploads\/2016\/09\/20160907-Bild-Arbetsgrupp-NIWA-Banan-300x169.jpg 300w, http:\/\/mkratten.se\/wordpress\/wp-content\/uploads\/2016\/09\/20160907-Bild-Arbetsgrupp-NIWA-Banan.jpg 480w\" sizes=\"(max-width: 300px) 100vw, 300px\" \/><\/a><\/p>\n","protected":false},"excerpt":{"rendered":"<p>Maila g\u00e4rna in era bilder till roland.torsby@telia.com, s\u00e5 l\u00e4ggs de upp h\u00e4r p\u00e5 sidan.<\/p>\n","protected":false},"author":3,"featured_media":0,"parent":0,"menu_order":0,"comment_status":"closed","ping_status":"closed","template":"","meta":{"_expiration-date-status":"","_expiration-date":0,"_expiration-date-type":"","_expiration-date-categories":[],"_expiration-date-options":[]},"_links":{"self":[{"href":"http:\/\/mkratten.se\/wordpress\/index.php?rest_route=\/wp\/v2\/pages\/41"}],"collection":[{"href":"http:\/\/mkratten.se\/wordpress\/index.php?rest_route=\/wp\/v2\/pages"}],"about":[{"href":"http:\/\/mkratten.se\/wordpress\/index.php?rest_route=\/wp\/v2\/types\/page"}],"author":[{"embeddable":true,"href":"http:\/\/mkratten.se\/wordpress\/index.php?rest_route=\/wp\/v2\/users\/3"}],"replies":[{"embeddable":true,"href":"http:\/\/mkratten.se\/wordpress\/index.php?rest_route=%2Fwp%2Fv2%2Fcomments&post=41"}],"version-history":[{"count":46,"href":"http:\/\/mkratten.se\/wordpress\/index.php?rest_route=\/wp\/v2\/pages\/41\/revisions"}],"predecessor-version":[{"id":2233,"href":"http:\/\/mkratten.se\/wordpress\/index.php?rest_route=\/wp\/v2\/pages\/41\/revisions\/2233"}],"wp:attachment":[{"href":"http:\/\/mkratten.se\/wordpress\/index.php?rest_route=%2Fwp%2Fv2%2Fmedia&parent=41"}],"curies":[{"name":"wp","href":"https:\/\/api.w.org\/{rel}","templated":true}]}}